{"id":1335,"date":"2024-09-26T17:43:10","date_gmt":"2024-09-26T17:43:10","guid":{"rendered":"https:\/\/tischtennis-hagenbach.de\/?page_id=1335"},"modified":"2024-10-29T14:25:18","modified_gmt":"2024-10-29T14:25:18","slug":"stadtmeisterschaft-2024","status":"publish","type":"page","link":"https:\/\/tischtennis-hagenbach.de\/?page_id=1335","title":{"rendered":"Stadtmeisterschaft 2024"},"content":{"rendered":"\n<p>Liebe Tischtennis-Fans der Verbandsgemeinde Hagenbach,<\/p>\n\n\n\n<p>wir freuen uns, euch zur diesj\u00e4hrigen Stadtmeisterschaft im Tischtennis f\u00fcr Hobbyspieler einzuladen. Das Turnier ist Teil der Feierlichkeiten zum 50-j\u00e4hrigen Jubil\u00e4um des TV Hagenbach Abteilung Tischtennis!<\/p>\n\n\n\n<p>Die Veranstaltung steht allen Tischtennis-Enthusiasten ab 14 Jahren aus der Verbandsgemeinde offen, egal ob ihr als Familie oder Verein teilnehmen m\u00f6chtet. Stellt ein Team aus zwei Spielern (w\/m\/d) zusammen und k\u00e4mpft gemeinsam um den Titel der besten Tischtennismannschaft der VG Hagenbach.<\/p>\n\n\n\n<p><strong>Datum: Samstag, 16.11.2024, Start 10:00 Uhr  (Hallen\u00f6ffnung ab 09:00 Uhr zum Einspielen)<br>Ort: Sporthalle Hagenbach, Am Stadtrand 1, 76767 Hagenbach<br>Startgeb\u00fchr: 10 Euro pro Team<\/strong>, <strong>zahlbar am Turniertag vor Ort in bar <\/strong><\/p>\n\n\n\n<p>Die Anmeldung ist bis zum 31.10.2024 m\u00f6glich. Bitte sichert euch rechtzeitig euren Platz. Nachmeldungen k\u00f6nnen nur ber\u00fccksichtigt werden, wenn noch Pl\u00e4tze frei sind. Die Anmeldung kann erfolgen<\/p>\n\n\n\n<ul class=\"wp-block-list\">\n<li>per&nbsp;E-Mail an <a href=\"mailto:norbert.stehle@tischtennis-hagenbach.de\">norbert.stehle@tischtennis-hagenbach.de<\/a>&nbsp;(Bitte Teamnamen und die Vor -und Nachnamen der Spieler angeben)<\/li>\n\n\n\n<li>per Anmeldeformular (siehe unten)<\/li>\n\n\n\n<li>pers\u00f6nlich zu den Trainingszeiten<\/li>\n<\/ul>\n\n\n\n<p>Wir freuen uns darauf, euch bei der TT-Stadtmeisterschaft 2024 begr\u00fc\u00dfen zu d\u00fcrfen, wo auch f\u00fcr das leibliche Wohl gesorgt wird.<\/p>\n\n\n\n<p>Bitte denkt daran, dass die Sporthalle nur mit Sportschuhen mit wei\u00dfen Sohlen betreten werden darf und m\u00f6glichst kein wei\u00dfes T-Shirt benutzt wird.<\/p>\n\n\n\n<p>Um euch auf das Turnier vorbereiten zu k\u00f6nnen, d\u00fcrft ihr gerne zu unseren Trainingszeiten jeweils montags von 19:00\u201321:00 Uhr und freitags von 19:00\u201321:00 Uhr zum Training kommen auch in den Ferien.<\/p>\n\n\n\n<ul class=\"wp-block-list\">\n<li><strong>Weitere Infos:<\/strong><\/li>\n\n\n\n<li><strong>Anmeldeformular<\/strong> [ <a href=\"https:\/\/tischtennis-hagenbach.de\/wp-content\/uploads\/2024\/09\/Anmeldeformular24.9.24-ausfuellbar.pdf\" title=\"\">PDF <\/a>]<\/li>\n\n\n\n<li>Plakat <a href=\"https:\/\/tischtennis-hagenbach.de\/wp-content\/uploads\/2024\/10\/Plakat-Stadtmeisterschaft.pdf\" title=\"\">[ PDF ]<\/a><\/li>\n\n\n\n<li>Regelwerk und Turnierablauf [ <a href=\"https:\/\/tischtennis-hagenbach.de\/wp-content\/uploads\/2024\/10\/Regelwerk-Stadtmeisterschaft-2024.pdf\" title=\"\">PDF ]<\/a><\/li>\n\n\n\n<li>Spielregeln [ <a href=\"https:\/\/tischtennis-hagenbach.de\/wp-content\/uploads\/2024\/09\/Spielregeln.pdf\" title=\"\">PDF<\/a> ]<\/li>\n<\/ul>\n\n\n\n<div class=\"wp-block-group is-content-justification-center is-nowrap is-layout-flex wp-container-core-group-is-layout-94bc23d7 wp-block-group-is-layout-flex\"><div class=\"wp-block-image\">\n<figure class=\"aligncenter size-full is-resized\"><img loading=\"lazy\" decoding=\"async\" width=\"1024\" height=\"1024\" src=\"https:\/\/tischtennis-hagenbach.de\/wp-content\/uploads\/2023\/12\/grafik.png\" alt=\"\" class=\"wp-image-1150\" style=\"object-fit:cover;width:256px;height:256px\" srcset=\"https:\/\/tischtennis-hagenbach.de\/wp-content\/uploads\/2023\/12\/grafik.png 1024w, https:\/\/tischtennis-hagenbach.de\/wp-content\/uploads\/2023\/12\/grafik-300x300.png 300w, https:\/\/tischtennis-hagenbach.de\/wp-content\/uploads\/2023\/12\/grafik-150x150.png 150w, https:\/\/tischtennis-hagenbach.de\/wp-content\/uploads\/2023\/12\/grafik-768x768.png 768w, https:\/\/tischtennis-hagenbach.de\/wp-content\/uploads\/2023\/12\/grafik-600x600.png 600w\" sizes=\"auto, (max-width: 1024px) 100vw, 1024px\" \/><\/figure>\n<\/div><\/div>\n","protected":false},"excerpt":{"rendered":"<p>Liebe Tischtennis-Fans der Verbandsgemeinde Hagenbach, wir freuen uns, euch zur diesj\u00e4hrigen Stadtmeisterschaft im Tischtennis f\u00fcr Hobbyspieler einzuladen. Das Turnier ist Teil der Feierlichkeiten zum 50-j\u00e4hrigen Jubil\u00e4um des TV Hagenbach Abteilung Tischtennis! Die Veranstaltung steht allen Tischtennis-Enthusiasten ab 14 Jahren aus der Verbandsgemeinde offen, egal ob ihr als Familie oder Verein teilnehmen m\u00f6chtet. Stellt ein Team [&hellip;]<\/p>\n","protected":false},"author":1,"featured_media":0,"parent":0,"menu_order":0,"comment_status":"closed","ping_status":"closed","template":"","meta":{"footnotes":""},"class_list":["post-1335","page","type-page","status-publish","hentry","entry"],"aioseo_notices":[],"_links":{"self":[{"href":"https:\/\/tischtennis-hagenbach.de\/index.php?rest_route=\/wp\/v2\/pages\/1335","targetHints":{"allow":["GET"]}}],"collection":[{"href":"https:\/\/tischtennis-hagenbach.de\/index.php?rest_route=\/wp\/v2\/pages"}],"about":[{"href":"https:\/\/tischtennis-hagenbach.de\/index.php?rest_route=\/wp\/v2\/types\/page"}],"author":[{"embeddable":true,"href":"https:\/\/tischtennis-hagenbach.de\/index.php?rest_route=\/wp\/v2\/users\/1"}],"replies":[{"embeddable":true,"href":"https:\/\/tischtennis-hagenbach.de\/index.php?rest_route=%2Fwp%2Fv2%2Fcomments&post=1335"}],"version-history":[{"count":40,"href":"https:\/\/tischtennis-hagenbach.de\/index.php?rest_route=\/wp\/v2\/pages\/1335\/revisions"}],"predecessor-version":[{"id":1512,"href":"https:\/\/tischtennis-hagenbach.de\/index.php?rest_route=\/wp\/v2\/pages\/1335\/revisions\/1512"}],"wp:attachment":[{"href":"https:\/\/tischtennis-hagenbach.de\/index.php?rest_route=%2Fwp%2Fv2%2Fmedia&parent=1335"}],"curies":[{"name":"wp","href":"https:\/\/api.w.org\/{rel}","templated":true}]}}