{"id":1402,"date":"2024-09-29T15:26:16","date_gmt":"2024-09-29T15:26:16","guid":{"rendered":"https:\/\/tischtennis-hagenbach.de\/?page_id=1402"},"modified":"2025-12-28T21:41:35","modified_gmt":"2025-12-28T21:41:35","slug":"regelwerk-und-turnierablauf","status":"publish","type":"page","link":"https:\/\/tischtennis-hagenbach.de\/?page_id=1402","title":{"rendered":"Regelwerk und Turnierablauf"},"content":{"rendered":"\n<h1 class=\"wp-block-heading has-medium-font-size\"><strong>I. Teilnahmeberechtigung<\/strong><\/h1>\n\n\n\n<ul class=\"wp-block-list\">\n<li>Teilnahmeberechtigt sind Spielerinnen und Spieler, die aktuell nicht aktiv in einer Mannschaft spielen und\/oder das letzte aktive Spiel mindestens 3 Jahre zur\u00fcckliegt<\/li>\n\n\n\n<li>Damen, Herren, Kinder (ab 14 Jahren) mit Wohnsitz in der Verbandsgemeinde oder Mitgliedschaft in einem Verein oder einer Firma der Verbandsgemeinde; es gen\u00fcgt, wenn ein Spieler im Team diese Voraussetzungen erf\u00fcllt<\/li>\n\n\n\n<li>Eingeladene Spieler<\/li>\n<\/ul>\n\n\n\n<p class=\"has-medium-font-size\"><strong>II. Anmeldung<\/strong><\/p>\n\n\n\n<ul class=\"wp-block-list\">\n<li>Die Meldung einer Mannschaft hat vor dem <strong>Meldeschluss (31.12.2025) <\/strong>durch Mitteilung des Teamnamens, sowie Vor- und Nachnamen der Spieler und ihrer Positionen innerhalb der Mannschaft (1-2) zu erfolgen; Nachmeldungen k\u00f6nnen ber\u00fccksichtigt werden, solange es freie Pl\u00e4tze gibt<\/li>\n\n\n\n<li>Anmeldungen k\u00f6nnen erfolgen per E-Mail an norbert.stehle@tischtennis-hagenbach.de oder vor Ort zu den Trainingszeiten (Montags und Freitags 19:00 -21:00 Uhr)<\/li>\n\n\n\n<li>F\u00fcr die Anmeldung sollte das <a href=\"https:\/\/tischtennis-hagenbach.de\/?page_id=1990\" target=\"_blank\" rel=\"noopener\" title=\"Anmeldeformular\">Anmeldeformular<\/a> verwendet werden<\/li>\n<\/ul>\n\n\n\n<p class=\"has-medium-font-size\"><strong>III. Turnierablauf<\/strong><\/p>\n\n\n\n<ul class=\"wp-block-list\">\n<li>Hallen\u00f6ffnung um 9:00 Uhr zum warmspielen; Turnierstart ca. 10:15 Uhr<\/li>\n\n\n\n<li>Gespielt wird im Zweiteam-Modus (Einzelspiele mit Entscheidungsdoppel)<\/li>\n\n\n\n<li>Eine Mannschaft besteht aus 2 Spielern<\/li>\n\n\n\n<li>Die Position eines jedes Spieler innerhalb einer Mannschaft wird zu Beginn des Turniers bei der Anmeldung mitgeteilt (Positionen 1-2)<\/li>\n\n\n\n<li>Die Spieler auf der gleichen Position spielen gegeneinander in der Reihenfolge 1-1; 2-2;<\/li>\n\n\n\n<li>Gespielt wird auf 2 Gewinns\u00e4tze (z.B. 2:0 oder 2:1);\u00a0pro Sieg gibt es 1 Tabellenpunkt<\/li>\n\n\n\n<li>Das Doppel wird nur bei Gleichstand (1:1) nach den Einzeln gespielt<\/li>\n\n\n\n<li>Abh\u00e4ngig von der Teilnehmerzahl wird im Modus Gruppenspiele \u201cJeder gegen Jeden\u201d gespielt<\/li>\n\n\n\n<li>Abh\u00e4ngig von der Teilnehmerzahl kommen die zwei bis vier besten Teams jeder Gruppe weiter und spielen in einer KO-Runde<\/li>\n\n\n\n<li>Abh\u00e4ngig von der Teilnehmerzahl spielen die 5 und 6 platzierten Teams jeder Gruppe eine Trost-KO-Runde<\/li>\n\n\n\n<li>Die Gruppen werden durch Auslosung bestimmt.<\/li>\n\n\n\n<li>Abh\u00e4ngig von der Teilnehmerzahl kann der Spielmodus variieren<\/li>\n\n\n\n<li>Die Begegnungen werden aufgerufen und einem bestimmten Tisch zugeordnet (z.B. Team A gegen Team B an Tisch 1). Alle Spiele (Einzel und Doppel) dieser Begegnung finden grunds\u00e4tzlich nur an dem aufgerufen Tisch statt<\/li>\n\n\n\n<li>Bei Spielaufruf holt das zuerst aufgerufene Team den Spielbogen bei der Spielleitung ab und gibt diesen nach Spielende ausgef\u00fcllt wieder zur\u00fcck<\/li>\n\n\n\n<li>Spielb\u00e4lle und Stifte befinden sich an den Tischen und sind dort zu belassen<\/li>\n\n\n\n<li>Die Turnierleitung kann den Ablauf bei Bedarf anpassen<\/li>\n<\/ul>\n\n\n\n<p class=\"has-medium-font-size\"><strong>IV. Teilnahmegeb\u00fchr<\/strong><\/p>\n\n\n\n<ul class=\"wp-block-list\">\n<li>Die Teilnahmegeb\u00fchr betr\u00e4gt pro Mannschaft 10,- Euro<\/li>\n\n\n\n<li>Die Teilnahmegeb\u00fchr ist am Turniertag in bar vor dem Turnierbeginn zu entrichten; bitte m\u00f6glichst passend mitbringen<\/li>\n<\/ul>\n\n\n\n<p class=\"has-medium-font-size\"><strong>V. Sportbekleidung<\/strong><\/p>\n\n\n\n<ul class=\"wp-block-list\">\n<li>Die Sporthalle darf nur mit Sportschuhen mit heller Sohle betreten werden<\/li>\n\n\n\n<li>Das Oberteil darf nicht in \u00fcberwiegend wei\u00dfer Farbe sein<\/li>\n<\/ul>\n\n\n\n<h1 class=\"wp-block-heading has-medium-font-size\"><strong>VI. Einwilligung in die Datenverarbeitung und Aufnahme von Fotos<\/strong><\/h1>\n\n\n\n<p>Die Teilnehmer erkl\u00e4ren sich mit der Verarbeitung ihrer Daten, sowie der Aufnahme von Fotos zum&nbsp;&nbsp;Zwecke der Durchf\u00fchrung des Turniers und&nbsp; Bekanntmachung im Amtsblatt der VG Hagenbach und der Internetseite der Abt. Tischtennis unter <a href=\"http:\/\/www.tischtennis-hagenbach.de\/\">www.tischtennis-hagenbach.de <\/a>bis auf jederzeit m\u00f6glichen Widerruf bereit. <\/p>\n\n\n<div class=\"wp-block-image\">\n<figure class=\"aligncenter size-large is-resized\"><img loading=\"lazy\" decoding=\"async\" width=\"1024\" height=\"1024\" src=\"https:\/\/tischtennis-hagenbach.de\/wp-content\/uploads\/2022\/11\/TVH-Tischtennis-Logo-1438x1438-96dpi-1024x1024.png\" alt=\"\" class=\"wp-image-341\" style=\"width:256px;height:256px\" srcset=\"https:\/\/tischtennis-hagenbach.de\/wp-content\/uploads\/2022\/11\/TVH-Tischtennis-Logo-1438x1438-96dpi-1024x1024.png 1024w, https:\/\/tischtennis-hagenbach.de\/wp-content\/uploads\/2022\/11\/TVH-Tischtennis-Logo-1438x1438-96dpi-300x300.png 300w, https:\/\/tischtennis-hagenbach.de\/wp-content\/uploads\/2022\/11\/TVH-Tischtennis-Logo-1438x1438-96dpi-150x150.png 150w, https:\/\/tischtennis-hagenbach.de\/wp-content\/uploads\/2022\/11\/TVH-Tischtennis-Logo-1438x1438-96dpi-768x768.png 768w, https:\/\/tischtennis-hagenbach.de\/wp-content\/uploads\/2022\/11\/TVH-Tischtennis-Logo-1438x1438-96dpi-1200x1200.png 1200w, https:\/\/tischtennis-hagenbach.de\/wp-content\/uploads\/2022\/11\/TVH-Tischtennis-Logo-1438x1438-96dpi.png 1438w\" sizes=\"auto, (max-width: 1024px) 100vw, 1024px\" \/><\/figure>\n<\/div>","protected":false},"excerpt":{"rendered":"<p>I. Teilnahmeberechtigung II. Anmeldung III. Turnierablauf IV. Teilnahmegeb\u00fchr V. Sportbekleidung VI. Einwilligung in die Datenverarbeitung und Aufnahme von Fotos Die Teilnehmer erkl\u00e4ren sich mit der Verarbeitung ihrer Daten, sowie der Aufnahme von Fotos zum&nbsp;&nbsp;Zwecke der Durchf\u00fchrung des Turniers und&nbsp; Bekanntmachung im Amtsblatt der VG Hagenbach und der Internetseite der Abt. Tischtennis unter www.tischtennis-hagenbach.de bis auf [&hellip;]<\/p>\n","protected":false},"author":1,"featured_media":0,"parent":0,"menu_order":0,"comment_status":"closed","ping_status":"closed","template":"","meta":{"footnotes":""},"class_list":["post-1402","page","type-page","status-publish","hentry","entry"],"aioseo_notices":[],"_links":{"self":[{"href":"https:\/\/tischtennis-hagenbach.de\/index.php?rest_route=\/wp\/v2\/pages\/1402","targetHints":{"allow":["GET"]}}],"collection":[{"href":"https:\/\/tischtennis-hagenbach.de\/index.php?rest_route=\/wp\/v2\/pages"}],"about":[{"href":"https:\/\/tischtennis-hagenbach.de\/index.php?rest_route=\/wp\/v2\/types\/page"}],"author":[{"embeddable":true,"href":"https:\/\/tischtennis-hagenbach.de\/index.php?rest_route=\/wp\/v2\/users\/1"}],"replies":[{"embeddable":true,"href":"https:\/\/tischtennis-hagenbach.de\/index.php?rest_route=%2Fwp%2Fv2%2Fcomments&post=1402"}],"version-history":[{"count":18,"href":"https:\/\/tischtennis-hagenbach.de\/index.php?rest_route=\/wp\/v2\/pages\/1402\/revisions"}],"predecessor-version":[{"id":2212,"href":"https:\/\/tischtennis-hagenbach.de\/index.php?rest_route=\/wp\/v2\/pages\/1402\/revisions\/2212"}],"wp:attachment":[{"href":"https:\/\/tischtennis-hagenbach.de\/index.php?rest_route=%2Fwp%2Fv2%2Fmedia&parent=1402"}],"curies":[{"name":"wp","href":"https:\/\/api.w.org\/{rel}","templated":true}]}}