{"id":1580,"date":"2024-11-20T14:45:09","date_gmt":"2024-11-20T14:45:09","guid":{"rendered":"https:\/\/tischtennis-hagenbach.de\/?page_id=1580"},"modified":"2025-06-30T06:42:17","modified_gmt":"2025-06-30T06:42:17","slug":"stadtmeisterschaft-2024-ein-voller-erfolg","status":"publish","type":"page","link":"https:\/\/tischtennis-hagenbach.de\/?page_id=1580","title":{"rendered":"Stadtmeisterschaft 2024: Die Gewinner!"},"content":{"rendered":"\n<p class=\"has-small-font-size\">Insgesamt fanden fast 80 Spiele statt, bei denen viele Teams in kreativen, speziell f\u00fcr das Turnier entworfenen Trikots aufliefen.&nbsp;Bis etwa 13:30 Uhr war die Gruppenphase abgeschlossen, und die K.O.-Runde mit 16 Teams sowie die Trost-K.O.-Runde mit 7 Teams nahmen ihren Lauf.&nbsp;<\/p>\n\n\n\n<p class=\"has-small-font-size\">Das Trostfinale bestritten die \u201eKesselfleisch-Fans\u201c&nbsp;gegen die \u201eHeadhunter\u201c. Nach spannenden Spielen im Viertel- und Halbfinale gelang es den \u201eKesselfleisch-Fans\u201c, den Sieg in der Trostrunde davonzutragen.&nbsp;<\/p>\n\n\n\n<p class=\"has-small-font-size\">Bemerkenswert&nbsp;war die Leistung von Robert Weber, der mit&nbsp;77&nbsp;Jahren mit seiner Enkelin Lia Weber antrat&nbsp;und bereits 1976 bei der ersten Stadtmeisterschaft&nbsp;dabei&nbsp;war.&nbsp;<\/p>\n\n\n\n<p class=\"has-small-font-size\">Im Halbfinale der Hauptgruppe setzte sich \u201eZimmerFrei\u201c gegen \u201eSporttreff\u201c mit 2:1 durch, w\u00e4hrend die \u201eKloos Brothers\u201c \u201eDoppelsechs\u201c ebenfalls mit 2:1 besiegten. <\/p>\n\n\n\n<p class=\"has-small-font-size\">Das mit Spannung erwartete Finale zwischen \u201eZimmerFrei\u201c&nbsp;und den \u201eKloos Brothers\u201c&nbsp;endete nach spannendem Verlauf&nbsp;mit&nbsp;einem knappen 2:1-Sieg f\u00fcr \u201eZimmerFrei\u201c.<\/p>\n\n\n\n<p class=\"has-small-font-size\">Abteilungsleiter Uwe&nbsp;Treffkorn&nbsp;\u00fcbergab&nbsp;bei der Siegerehrung,&nbsp;assistiert von Sabine Stehle,&nbsp;den Bestplatzierten&nbsp;ihre Geld- und Sachpreise&nbsp;und lobte&nbsp;die hervorragenden Leistungen und den fairen&nbsp;Sportsgeist aller Teilnehmer.<\/p>\n\n\n\n<figure class=\"wp-block-gallery has-nested-images columns-default is-cropped wp-block-gallery-1 is-layout-flex wp-block-gallery-is-layout-flex\">\n<figure class=\"wp-block-image size-large\"><img loading=\"lazy\" decoding=\"async\" width=\"766\" height=\"1024\" data-id=\"1573\" src=\"https:\/\/tischtennis-hagenbach.de\/wp-content\/uploads\/2024\/11\/Team-Sporttreff-766x1024.jpg\" alt=\"\" class=\"wp-image-1573\" srcset=\"https:\/\/tischtennis-hagenbach.de\/wp-content\/uploads\/2024\/11\/Team-Sporttreff-766x1024.jpg 766w, https:\/\/tischtennis-hagenbach.de\/wp-content\/uploads\/2024\/11\/Team-Sporttreff-224x300.jpg 224w, https:\/\/tischtennis-hagenbach.de\/wp-content\/uploads\/2024\/11\/Team-Sporttreff-768x1027.jpg 768w, https:\/\/tischtennis-hagenbach.de\/wp-content\/uploads\/2024\/11\/Team-Sporttreff-1149x1536.jpg 1149w, https:\/\/tischtennis-hagenbach.de\/wp-content\/uploads\/2024\/11\/Team-Sporttreff.jpg 1532w\" sizes=\"auto, (max-width: 766px) 100vw, 766px\" \/><figcaption class=\"wp-element-caption\">Platz 4 &#8222;Sporttreff&#8220;<\/figcaption><\/figure>\n\n\n\n<figure class=\"wp-block-image size-large\"><img loading=\"lazy\" decoding=\"async\" width=\"1024\" height=\"766\" data-id=\"1582\" src=\"https:\/\/tischtennis-hagenbach.de\/wp-content\/uploads\/2024\/11\/Platz3-1024x766.jpg\" alt=\"\" class=\"wp-image-1582\" srcset=\"https:\/\/tischtennis-hagenbach.de\/wp-content\/uploads\/2024\/11\/Platz3-1024x766.jpg 1024w, https:\/\/tischtennis-hagenbach.de\/wp-content\/uploads\/2024\/11\/Platz3-300x224.jpg 300w, https:\/\/tischtennis-hagenbach.de\/wp-content\/uploads\/2024\/11\/Platz3-768x575.jpg 768w, https:\/\/tischtennis-hagenbach.de\/wp-content\/uploads\/2024\/11\/Platz3-1536x1149.jpg 1536w, https:\/\/tischtennis-hagenbach.de\/wp-content\/uploads\/2024\/11\/Platz3.jpg 2048w\" sizes=\"auto, (max-width: 1024px) 100vw, 1024px\" \/><figcaption class=\"wp-element-caption\">Platz 3 &#8222;Doppelsechs&#8220;<\/figcaption><\/figure>\n\n\n\n<figure class=\"wp-block-image size-large is-style-default\"><img loading=\"lazy\" decoding=\"async\" width=\"1024\" height=\"766\" data-id=\"1583\" src=\"https:\/\/tischtennis-hagenbach.de\/wp-content\/uploads\/2024\/11\/Platz2-1024x766.jpg\" alt=\"\" class=\"wp-image-1583\" srcset=\"https:\/\/tischtennis-hagenbach.de\/wp-content\/uploads\/2024\/11\/Platz2-1024x766.jpg 1024w, https:\/\/tischtennis-hagenbach.de\/wp-content\/uploads\/2024\/11\/Platz2-300x224.jpg 300w, https:\/\/tischtennis-hagenbach.de\/wp-content\/uploads\/2024\/11\/Platz2-768x575.jpg 768w, https:\/\/tischtennis-hagenbach.de\/wp-content\/uploads\/2024\/11\/Platz2-1536x1149.jpg 1536w, https:\/\/tischtennis-hagenbach.de\/wp-content\/uploads\/2024\/11\/Platz2.jpg 2048w\" sizes=\"auto, (max-width: 1024px) 100vw, 1024px\" \/><figcaption class=\"wp-element-caption\">Platz 2 &#8222;Kloos Brothers&#8220;<\/figcaption><\/figure>\n<\/figure>\n\n\n\n<figure class=\"wp-block-image size-large\"><img loading=\"lazy\" decoding=\"async\" width=\"1024\" height=\"766\" src=\"https:\/\/tischtennis-hagenbach.de\/wp-content\/uploads\/2024\/11\/Platz1-1024x766.jpg\" alt=\"\" class=\"wp-image-1584\" srcset=\"https:\/\/tischtennis-hagenbach.de\/wp-content\/uploads\/2024\/11\/Platz1-1024x766.jpg 1024w, https:\/\/tischtennis-hagenbach.de\/wp-content\/uploads\/2024\/11\/Platz1-300x224.jpg 300w, https:\/\/tischtennis-hagenbach.de\/wp-content\/uploads\/2024\/11\/Platz1-768x575.jpg 768w, https:\/\/tischtennis-hagenbach.de\/wp-content\/uploads\/2024\/11\/Platz1-1536x1149.jpg 1536w, https:\/\/tischtennis-hagenbach.de\/wp-content\/uploads\/2024\/11\/Platz1.jpg 2048w\" sizes=\"auto, (max-width: 1024px) 100vw, 1024px\" \/><figcaption class=\"wp-element-caption\">Platz 1 &#8222;ZimmerFrei&#8220;<\/figcaption><\/figure>\n\n\n\n<p class=\"has-text-align-center has-white-color has-vivid-green-cyan-background-color has-text-color has-background has-link-color has-small-font-size wp-elements-1fd2df3111b46535543b08eec6ca68c1\">Wir gratulieren Tobias Zimmermann und Matthias Freier zum Gewinn der Stadtmeisterschaft 2024!<\/p>\n\n\n\n<p class=\"has-small-font-size\"><strong>Platzierungen:&nbsp;<\/strong><\/p>\n\n\n\n<ol start=\"1\" class=\"wp-block-list\">\n<li class=\"has-small-font-size\"><strong>Tobias Zimmermann&nbsp;\/&nbsp;Matthias Freier &nbsp;\u201cZimmerFrei\u201d&nbsp;<\/strong><\/li>\n<\/ol>\n\n\n\n<ol start=\"2\" class=\"wp-block-list\">\n<li class=\"has-small-font-size\"><strong>Paul und&nbsp;Alexander Kloos&nbsp;\u201dKloos Brothers\u201c&nbsp;<\/strong><\/li>\n<\/ol>\n\n\n\n<ol start=\"3\" class=\"wp-block-list\">\n<li class=\"has-small-font-size\"><strong>Niclas B\u00f6hringer&nbsp;\/&nbsp;Liam Schwager&nbsp;\u201eDoppelsechs\u201c&nbsp;<\/strong><\/li>\n<\/ol>\n\n\n\n<ol start=\"4\" class=\"wp-block-list\">\n<li class=\"has-small-font-size\"><strong>Peter Feldmann&nbsp;\/&nbsp;Patrik Hirsch&nbsp;\u201eSporttreff\u201c&nbsp;<\/strong><\/li>\n<\/ol>\n\n\n\n<p><\/p>\n\n\n\n<p class=\"has-small-font-size\">Ein herzliches Dankesch\u00f6n gilt allen Teams, den zahlreichen Besuchern, unseren Sponsoren und den vielen Helfern, die zum Gelingen dieser gro\u00dfartigen Veranstaltung beigetragen haben.&nbsp;&nbsp;<\/p>\n\n\n\n<p class=\"has-small-font-size\">Getreu dem Motto &#8222;\u00dcbung macht den Meister&#8220;, laden wir euch zum regelm\u00e4\u00dfigen \u00dcben ins Training ein.&nbsp;<\/p>\n\n\n\n<p class=\"has-small-font-size\">Wir freuen uns auf die n\u00e4chste Stadtmeisterschaft und darauf, alle im n\u00e4chsten Jahr wiederzusehen, wenn es&nbsp;hei\u00dft: Aufschlag&nbsp;zur Stadtmeisterschaft!&nbsp;<\/p>\n\n\n<div class=\"wp-block-image\">\n<figure class=\"aligncenter size-full is-resized\"><img loading=\"lazy\" decoding=\"async\" width=\"1024\" height=\"1024\" src=\"https:\/\/tischtennis-hagenbach.de\/wp-content\/uploads\/2023\/12\/grafik.png\" alt=\"\" class=\"wp-image-1150\" style=\"object-fit:contain;width:256px;height:256px\" srcset=\"https:\/\/tischtennis-hagenbach.de\/wp-content\/uploads\/2023\/12\/grafik.png 1024w, https:\/\/tischtennis-hagenbach.de\/wp-content\/uploads\/2023\/12\/grafik-300x300.png 300w, https:\/\/tischtennis-hagenbach.de\/wp-content\/uploads\/2023\/12\/grafik-150x150.png 150w, https:\/\/tischtennis-hagenbach.de\/wp-content\/uploads\/2023\/12\/grafik-768x768.png 768w, https:\/\/tischtennis-hagenbach.de\/wp-content\/uploads\/2023\/12\/grafik-600x600.png 600w\" sizes=\"auto, (max-width: 1024px) 100vw, 1024px\" \/><\/figure>\n<\/div>","protected":false},"excerpt":{"rendered":"<p>Insgesamt fanden fast 80 Spiele statt, bei denen viele Teams in kreativen, speziell f\u00fcr das Turnier entworfenen Trikots aufliefen.&nbsp;Bis etwa 13:30 Uhr war die Gruppenphase abgeschlossen, und die K.O.-Runde mit 16 Teams sowie die Trost-K.O.-Runde mit 7 Teams nahmen ihren Lauf.&nbsp; Das Trostfinale bestritten die \u201eKesselfleisch-Fans\u201c&nbsp;gegen die \u201eHeadhunter\u201c. Nach spannenden Spielen im Viertel- und Halbfinale [&hellip;]<\/p>\n","protected":false},"author":1,"featured_media":0,"parent":0,"menu_order":0,"comment_status":"closed","ping_status":"closed","template":"","meta":{"footnotes":""},"class_list":["post-1580","page","type-page","status-publish","hentry","entry"],"aioseo_notices":[],"_links":{"self":[{"href":"https:\/\/tischtennis-hagenbach.de\/index.php?rest_route=\/wp\/v2\/pages\/1580","targetHints":{"allow":["GET"]}}],"collection":[{"href":"https:\/\/tischtennis-hagenbach.de\/index.php?rest_route=\/wp\/v2\/pages"}],"about":[{"href":"https:\/\/tischtennis-hagenbach.de\/index.php?rest_route=\/wp\/v2\/types\/page"}],"author":[{"embeddable":true,"href":"https:\/\/tischtennis-hagenbach.de\/index.php?rest_route=\/wp\/v2\/users\/1"}],"replies":[{"embeddable":true,"href":"https:\/\/tischtennis-hagenbach.de\/index.php?rest_route=%2Fwp%2Fv2%2Fcomments&post=1580"}],"version-history":[{"count":11,"href":"https:\/\/tischtennis-hagenbach.de\/index.php?rest_route=\/wp\/v2\/pages\/1580\/revisions"}],"predecessor-version":[{"id":1857,"href":"https:\/\/tischtennis-hagenbach.de\/index.php?rest_route=\/wp\/v2\/pages\/1580\/revisions\/1857"}],"wp:attachment":[{"href":"https:\/\/tischtennis-hagenbach.de\/index.php?rest_route=%2Fwp%2Fv2%2Fmedia&parent=1580"}],"curies":[{"name":"wp","href":"https:\/\/api.w.org\/{rel}","templated":true}]}}