{"id":1642,"date":"2025-01-01T18:47:21","date_gmt":"2025-01-01T18:47:21","guid":{"rendered":"https:\/\/tischtennis-hagenbach.de\/?page_id=1642"},"modified":"2025-11-09T18:41:28","modified_gmt":"2025-11-09T18:41:28","slug":"wir-suchen-dich","status":"publish","type":"page","link":"https:\/\/tischtennis-hagenbach.de\/?page_id=1642","title":{"rendered":"Wir suchen Dich!"},"content":{"rendered":"\n<figure class=\"wp-block-image size-large\"><img loading=\"lazy\" decoding=\"async\" width=\"1024\" height=\"559\" src=\"https:\/\/tischtennis-hagenbach.de\/wp-content\/uploads\/2025\/06\/image_we_want_you-1024x559.png\" alt=\"\" class=\"wp-image-1891\" srcset=\"https:\/\/tischtennis-hagenbach.de\/wp-content\/uploads\/2025\/06\/image_we_want_you-1024x559.png 1024w, https:\/\/tischtennis-hagenbach.de\/wp-content\/uploads\/2025\/06\/image_we_want_you-300x164.png 300w, https:\/\/tischtennis-hagenbach.de\/wp-content\/uploads\/2025\/06\/image_we_want_you-768x419.png 768w, https:\/\/tischtennis-hagenbach.de\/wp-content\/uploads\/2025\/06\/image_we_want_you.png 1408w\" sizes=\"auto, (max-width: 1024px) 100vw, 1024px\" \/><\/figure>\n\n\n\n<h2 class=\"wp-block-heading\"><strong>Gemeinsam stark \u2013 lass uns zusammen durchstarten!<\/strong><\/h2>\n\n\n\n<p>Du liebst Tischtennis und suchst einen Verein, bei dem sportlicher Ehrgeiz, Kameradschaft und Spa\u00df im Vordergrund stehen?<br>Dann bist du beim <strong>TV Hagenbach \u2013 Abteilung Tischtennis<\/strong> genau richtig!<\/p>\n\n\n\n<p>Wir suchen engagierte <strong>aktive Mannschaftsspieler<\/strong>, die regelm\u00e4\u00dfig trainieren und unsere Teams in der Kreisliga und Kreisklasse B verst\u00e4rken m\u00f6chten. Aber auch <strong>Anf\u00e4nger, Freizeitspieler oder Wiedereinsteiger<\/strong> sind bei uns herzlich willkommen! Bei uns findest du genau das richtige Umfeld, um dich sportlich zu entwickeln, Spa\u00df zu haben und Teil einer aktiven Gemeinschaft zu werden.<\/p>\n\n\n\n<h3 class=\"wp-block-heading\"><strong>Was dich bei uns erwartet<\/strong><\/h3>\n\n\n\n<ul class=\"wp-block-list\">\n<li> <strong>Regelm\u00e4\u00dfiges Mannschafts- und Einzeltraining<\/strong> \u2013 strukturiert, motivierend und mit Spa\u00df<\/li>\n\n\n\n<li> <strong>Training mit Ballroboter<\/strong> \u2013 perfektes Techniktraining f\u00fcr Pr\u00e4zision und Schlagvielfalt<\/li>\n\n\n\n<li> <strong>Teilnahme an Turnieren<\/strong> sowie Austragung unserer <strong>Vereins- und Stadtmeisterschaften<\/strong><\/li>\n\n\n\n<li> <strong>Starker Teamgeist &amp; echte Kameradschaft<\/strong> \u2013 wir halten zusammen, auf und neben der Platte<\/li>\n\n\n\n<li> <strong>Gesellige Runden nach dem Training<\/strong> \u2013 Austausch, Lachen und gute Gespr\u00e4che geh\u00f6ren einfach dazu<\/li>\n\n\n\n<li> <strong>Gemeinsame Aktionen<\/strong> wie <strong>Stadtradeln<\/strong>, Vereinsfeste und <strong>Weihnachtsfeiern<\/strong><\/li>\n<\/ul>\n\n\n\n<p>Ob ambitionierter Mannschaftsspieler oder neugieriger Anf\u00e4nger \u2013 bei uns z\u00e4hlt Leidenschaft, Teamgeist und die Freude am Spiel!<br>Schau einfach <strong>zu unseren Trainingszeiten<\/strong> vorbei und lerne uns pers\u00f6nlich kennen oder schreib uns <strong>info@tischtennis-hagenbach.de<\/strong><br>Wir freuen uns auf dich \u2013 und vielleicht stehst du schon bald mit uns gemeinsam an der Platte!<\/p>\n\n\n\n<p><strong>Trainigszeiten<\/strong>:<\/p>\n\n\n\n<p><strong>Montags<\/strong> (au\u00dfer an Feiertagen) von 19:00 Uhr \u2013 21:00 Uhr: Aktive, Hobby- und Freizeitspieler,                                                                                  <strong>Freitags<\/strong> (au\u00dfer an Feiertagen) von 19:00 Uhr \u2013 21:00 Uhr: Aktive, Hobby- und Freizeitspieler<\/p>\n\n\n<div class=\"wp-block-image\">\n<figure class=\"aligncenter size-full is-resized\"><img loading=\"lazy\" decoding=\"async\" width=\"1024\" height=\"1024\" src=\"https:\/\/tischtennis-hagenbach.de\/wp-content\/uploads\/2023\/12\/grafik.png\" alt=\"\" class=\"wp-image-1150\" style=\"width:289px;height:auto\" srcset=\"https:\/\/tischtennis-hagenbach.de\/wp-content\/uploads\/2023\/12\/grafik.png 1024w, https:\/\/tischtennis-hagenbach.de\/wp-content\/uploads\/2023\/12\/grafik-300x300.png 300w, https:\/\/tischtennis-hagenbach.de\/wp-content\/uploads\/2023\/12\/grafik-150x150.png 150w, https:\/\/tischtennis-hagenbach.de\/wp-content\/uploads\/2023\/12\/grafik-768x768.png 768w, https:\/\/tischtennis-hagenbach.de\/wp-content\/uploads\/2023\/12\/grafik-600x600.png 600w\" sizes=\"auto, (max-width: 1024px) 100vw, 1024px\" \/><\/figure>\n<\/div>","protected":false},"excerpt":{"rendered":"<p>Gemeinsam stark \u2013 lass uns zusammen durchstarten! Du liebst Tischtennis und suchst einen Verein, bei dem sportlicher Ehrgeiz, Kameradschaft und Spa\u00df im Vordergrund stehen?Dann bist du beim TV Hagenbach \u2013 Abteilung Tischtennis genau richtig! Wir suchen engagierte aktive Mannschaftsspieler, die regelm\u00e4\u00dfig trainieren und unsere Teams in der Kreisliga und Kreisklasse B verst\u00e4rken m\u00f6chten. Aber auch [&hellip;]<\/p>\n","protected":false},"author":1,"featured_media":0,"parent":0,"menu_order":0,"comment_status":"closed","ping_status":"closed","template":"","meta":{"footnotes":""},"class_list":["post-1642","page","type-page","status-publish","hentry","entry"],"aioseo_notices":[],"_links":{"self":[{"href":"https:\/\/tischtennis-hagenbach.de\/index.php?rest_route=\/wp\/v2\/pages\/1642","targetHints":{"allow":["GET"]}}],"collection":[{"href":"https:\/\/tischtennis-hagenbach.de\/index.php?rest_route=\/wp\/v2\/pages"}],"about":[{"href":"https:\/\/tischtennis-hagenbach.de\/index.php?rest_route=\/wp\/v2\/types\/page"}],"author":[{"embeddable":true,"href":"https:\/\/tischtennis-hagenbach.de\/index.php?rest_route=\/wp\/v2\/users\/1"}],"replies":[{"embeddable":true,"href":"https:\/\/tischtennis-hagenbach.de\/index.php?rest_route=%2Fwp%2Fv2%2Fcomments&post=1642"}],"version-history":[{"count":9,"href":"https:\/\/tischtennis-hagenbach.de\/index.php?rest_route=\/wp\/v2\/pages\/1642\/revisions"}],"predecessor-version":[{"id":2056,"href":"https:\/\/tischtennis-hagenbach.de\/index.php?rest_route=\/wp\/v2\/pages\/1642\/revisions\/2056"}],"wp:attachment":[{"href":"https:\/\/tischtennis-hagenbach.de\/index.php?rest_route=%2Fwp%2Fv2%2Fmedia&parent=1642"}],"curies":[{"name":"wp","href":"https:\/\/api.w.org\/{rel}","templated":true}]}}