{"id":173,"date":"2022-11-08T07:42:01","date_gmt":"2022-11-08T07:42:01","guid":{"rendered":"http:\/\/tischtennis-hagenbach.de\/?page_id=173"},"modified":"2025-11-09T18:52:48","modified_gmt":"2025-11-09T18:52:48","slug":"training","status":"publish","type":"page","link":"https:\/\/tischtennis-hagenbach.de\/?page_id=173","title":{"rendered":"Training"},"content":{"rendered":"\n<figure class=\"wp-block-video\"><video height=\"480\" style=\"aspect-ratio: 848 \/ 480;\" width=\"848\" controls src=\"https:\/\/tischtennis-hagenbach.de\/wp-content\/uploads\/2024\/09\/neu29.9.24.mp4\"><\/video><\/figure>\n\n\n\n<h2 class=\"wp-block-heading has-medium-font-size\">Ihr habt Lust bekommen?<\/h2>\n\n\n\n<p>Dann schaut doch einfach mal bei uns vorbei!<br>Bei uns im Training ist <strong>jeder willkommen<\/strong> \u2013 ganz egal, ob <strong>Anf\u00e4nger, Wiedereinsteiger oder erfahrener Mannschaftsspieler<\/strong>.                                 In unserer Halle herrscht immer eine tolle Mischung aus Spa\u00df, Ehrgeiz und Gemeinschaft. Hier kannst du dich ausprobieren, dein Spiel verbessern und neue Trainingspartner kennenlernen. Egal ob du dich in einer lockeren Runde austoben willst oder gezielt an Technik und Taktik arbeiten m\u00f6chtest \u2013 <strong>bei uns ist f\u00fcr jeden etwas dabei!<\/strong><\/p>\n\n\n\n<p class=\"has-medium-font-size\"><strong>Unser Training<\/strong><\/p>\n\n\n\n<p class=\"has-small-font-size\">Unser Training ist abwechslungsreich aufgebaut und bietet <strong>Gruppen- wie auch Einzeltraining unter fachkundiger Anleitung<\/strong>.<br>Mit vielf\u00e4ltigen \u00dcbungspl\u00e4nen und Trainingsmethoden f\u00f6rdern wir alle Leistungsstufen \u2013 vom Einsteiger bis zum erfahrenen Mannschaftsspieler.<\/p>\n\n\n\n<p>Was dich erwartet:<\/p>\n\n\n\n<ul class=\"wp-block-list\">\n<li><strong>Techniktraining<\/strong> f\u00fcr alle Schlagarten \u2013 Vorhand, R\u00fcckhand, Aufschlag &amp; mehr<\/li>\n\n\n\n<li> <strong>Balleimertraining<\/strong> mit gezielten Wiederholungen f\u00fcr Pr\u00e4zision und Kontrolle<\/li>\n\n\n\n<li> <strong>Training mit Ballroboter<\/strong> \u2013 ideal f\u00fcr individuelle Technikverbesserung<\/li>\n\n\n\n<li> <strong>Taktik- und Matchtraining<\/strong> f\u00fcr unsere Mannschaftsspieler<\/li>\n\n\n\n<li> <strong>\u00dcbungen und Trainingsformen f\u00fcr jedes Niveau<\/strong> \u2013 vom ersten Schl\u00e4gerkontakt bis zum Punktspiel<\/li>\n<\/ul>\n\n\n\n<p class=\"has-small-font-size\">So wird jedes Training zum Erlebnis \u2013 abwechslungsreich, motivierend und mit viel Spa\u00df am Spiel!<\/p>\n\n\n\n<h2 class=\"wp-block-heading\">Trainingszeiten<\/h2>\n\n\n\n<p><strong>Montags<\/strong> (au\u00dfer an Feiertagen) von 19:00 Uhr \u2013 21:00 Uhr: Aktive, Hobby- und Freizeitspieler, Sch\u00fcler und Jugendliche.                                              <strong>Freitags<\/strong> (au\u00dfer an Feiertagen) von 19:00 Uhr \u2013 21:00 Uhr: Aktive, Hobby- und Freizeitspieler, Sch\u00fcler und Jugendliche.<\/p>\n\n\n\n<p>Das Training findet grunds\u00e4tzlich auch in den Schulferien statt, mit Ausnahme der ersten drei Wochen der Sommerferien.<\/p>\n\n\n\n<h2 class=\"wp-block-heading\">Wo findet ihr uns?<\/h2>\n\n\n\n<p>Unser Training findet in der neu sanierten Sporthalle der Hainbuchenschule Hagenbach hinter dem Kulturzentrum im Konrad-Adenauer-Ring in 76767 Hagenbach statt. Wir freuen uns auf euch \u2013 egal ob ihr den ersten Ball \u00fcber\u2019s Netz spielt oder schon Punktspiele bestreitet!<br><a href=\"https:\/\/www.google.de\/maps\/place\/49%C2%B001%2708.6%22N+8%C2%B014%2736.4%22E\/@49.0190469,8.2428898,19z\/data=!3m1!4b1!4m6!3m5!1s0x0:0x26c361959eecb3a7!7e2!8m2!3d49.0190464!4d8.2434366\">Karte: 49\u00b001&#8217;08.4&#8243;N 8\u00b014&#8217;40.7&#8243;E (49.019009, 8.244639)<\/a><\/p>\n\n\n<div class=\"wp-block-image\">\n<figure class=\"aligncenter size-large is-resized\"><img loading=\"lazy\" decoding=\"async\" width=\"1024\" height=\"1024\" src=\"https:\/\/tischtennis-hagenbach.de\/wp-content\/uploads\/2022\/11\/TVH-Tischtennis-Logo-1438x1438-96dpi-1024x1024.png\" alt=\"\" class=\"wp-image-341\" style=\"width:256px;height:256px\" srcset=\"https:\/\/tischtennis-hagenbach.de\/wp-content\/uploads\/2022\/11\/TVH-Tischtennis-Logo-1438x1438-96dpi-1024x1024.png 1024w, https:\/\/tischtennis-hagenbach.de\/wp-content\/uploads\/2022\/11\/TVH-Tischtennis-Logo-1438x1438-96dpi-300x300.png 300w, https:\/\/tischtennis-hagenbach.de\/wp-content\/uploads\/2022\/11\/TVH-Tischtennis-Logo-1438x1438-96dpi-150x150.png 150w, https:\/\/tischtennis-hagenbach.de\/wp-content\/uploads\/2022\/11\/TVH-Tischtennis-Logo-1438x1438-96dpi-768x768.png 768w, https:\/\/tischtennis-hagenbach.de\/wp-content\/uploads\/2022\/11\/TVH-Tischtennis-Logo-1438x1438-96dpi-1200x1200.png 1200w, https:\/\/tischtennis-hagenbach.de\/wp-content\/uploads\/2022\/11\/TVH-Tischtennis-Logo-1438x1438-96dpi.png 1438w\" sizes=\"auto, (max-width: 1024px) 100vw, 1024px\" \/><\/figure>\n<\/div>","protected":false},"excerpt":{"rendered":"<p>Ihr habt Lust bekommen? Dann schaut doch einfach mal bei uns vorbei!Bei uns im Training ist jeder willkommen \u2013 ganz egal, ob Anf\u00e4nger, Wiedereinsteiger oder erfahrener Mannschaftsspieler. In unserer Halle herrscht immer eine tolle Mischung aus Spa\u00df, Ehrgeiz und Gemeinschaft. Hier kannst du dich ausprobieren, dein Spiel verbessern und neue Trainingspartner kennenlernen. Egal ob du [&hellip;]<\/p>\n","protected":false},"author":1,"featured_media":0,"parent":0,"menu_order":0,"comment_status":"closed","ping_status":"closed","template":"","meta":{"footnotes":""},"class_list":["post-173","page","type-page","status-publish","hentry","entry"],"aioseo_notices":[],"_links":{"self":[{"href":"https:\/\/tischtennis-hagenbach.de\/index.php?rest_route=\/wp\/v2\/pages\/173","targetHints":{"allow":["GET"]}}],"collection":[{"href":"https:\/\/tischtennis-hagenbach.de\/index.php?rest_route=\/wp\/v2\/pages"}],"about":[{"href":"https:\/\/tischtennis-hagenbach.de\/index.php?rest_route=\/wp\/v2\/types\/page"}],"author":[{"embeddable":true,"href":"https:\/\/tischtennis-hagenbach.de\/index.php?rest_route=\/wp\/v2\/users\/1"}],"replies":[{"embeddable":true,"href":"https:\/\/tischtennis-hagenbach.de\/index.php?rest_route=%2Fwp%2Fv2%2Fcomments&post=173"}],"version-history":[{"count":19,"href":"https:\/\/tischtennis-hagenbach.de\/index.php?rest_route=\/wp\/v2\/pages\/173\/revisions"}],"predecessor-version":[{"id":2057,"href":"https:\/\/tischtennis-hagenbach.de\/index.php?rest_route=\/wp\/v2\/pages\/173\/revisions\/2057"}],"wp:attachment":[{"href":"https:\/\/tischtennis-hagenbach.de\/index.php?rest_route=%2Fwp%2Fv2%2Fmedia&parent=173"}],"curies":[{"name":"wp","href":"https:\/\/api.w.org\/{rel}","templated":true}]}}