{"id":2128,"date":"2025-12-19T11:41:35","date_gmt":"2025-12-19T11:41:35","guid":{"rendered":"https:\/\/tischtennis-hagenbach.de\/?page_id=2128"},"modified":"2025-12-19T11:43:50","modified_gmt":"2025-12-19T11:43:50","slug":"sponsoren","status":"publish","type":"page","link":"https:\/\/tischtennis-hagenbach.de\/?page_id=2128","title":{"rendered":"Sponsoren"},"content":{"rendered":"\n<p class=\"has-medium-font-size\"><strong>Vielen Dank an unsere Sponsoren f\u00fcr die gro\u00dfartige Unterst\u00fctzung zur Stadtmeisterschaft 2026 <\/strong><\/p>\n\n\n\n<figure class=\"wp-block-image size-large is-resized\"><img loading=\"lazy\" decoding=\"async\" width=\"768\" height=\"1024\" src=\"https:\/\/tischtennis-hagenbach.de\/wp-content\/uploads\/2025\/12\/Screenshot_20251219_123116_Instagram-768x1024.jpg\" alt=\"\" class=\"wp-image-2134\" style=\"aspect-ratio:0.7500171833115679;width:418px;height:auto\" srcset=\"https:\/\/tischtennis-hagenbach.de\/wp-content\/uploads\/2025\/12\/Screenshot_20251219_123116_Instagram-768x1024.jpg 768w, https:\/\/tischtennis-hagenbach.de\/wp-content\/uploads\/2025\/12\/Screenshot_20251219_123116_Instagram-225x300.jpg 225w, https:\/\/tischtennis-hagenbach.de\/wp-content\/uploads\/2025\/12\/Screenshot_20251219_123116_Instagram.jpg 1080w\" sizes=\"auto, (max-width: 768px) 100vw, 768px\" \/><\/figure>\n\n\n\n<figure class=\"wp-block-image size-large is-resized\"><img loading=\"lazy\" decoding=\"async\" width=\"1024\" height=\"419\" src=\"https:\/\/tischtennis-hagenbach.de\/wp-content\/uploads\/2025\/12\/Screenshot_20251219_122940_Instagram-1-1024x419.jpg\" alt=\"\" class=\"wp-image-2135\" style=\"aspect-ratio:2.4439696322225757;width:827px;height:auto\" srcset=\"https:\/\/tischtennis-hagenbach.de\/wp-content\/uploads\/2025\/12\/Screenshot_20251219_122940_Instagram-1-1024x419.jpg 1024w, https:\/\/tischtennis-hagenbach.de\/wp-content\/uploads\/2025\/12\/Screenshot_20251219_122940_Instagram-1-300x123.jpg 300w, https:\/\/tischtennis-hagenbach.de\/wp-content\/uploads\/2025\/12\/Screenshot_20251219_122940_Instagram-1-768x314.jpg 768w, https:\/\/tischtennis-hagenbach.de\/wp-content\/uploads\/2025\/12\/Screenshot_20251219_122940_Instagram-1-1536x629.jpg 1536w, https:\/\/tischtennis-hagenbach.de\/wp-content\/uploads\/2025\/12\/Screenshot_20251219_122940_Instagram-1-2048x838.jpg 2048w\" sizes=\"auto, (max-width: 1024px) 100vw, 1024px\" \/><\/figure>\n\n\n\n<figure class=\"wp-block-gallery has-nested-images columns-default is-cropped wp-block-gallery-1 is-layout-flex wp-block-gallery-is-layout-flex\">\n<figure class=\"wp-block-image size-large\"><img loading=\"lazy\" decoding=\"async\" width=\"1024\" height=\"755\" data-id=\"2133\" src=\"https:\/\/tischtennis-hagenbach.de\/wp-content\/uploads\/2025\/12\/Screenshot_20251219_122857_Instagram-1024x755.jpg\" alt=\"\" class=\"wp-image-2133\" srcset=\"https:\/\/tischtennis-hagenbach.de\/wp-content\/uploads\/2025\/12\/Screenshot_20251219_122857_Instagram-1024x755.jpg 1024w, https:\/\/tischtennis-hagenbach.de\/wp-content\/uploads\/2025\/12\/Screenshot_20251219_122857_Instagram-300x221.jpg 300w, https:\/\/tischtennis-hagenbach.de\/wp-content\/uploads\/2025\/12\/Screenshot_20251219_122857_Instagram-768x566.jpg 768w, https:\/\/tischtennis-hagenbach.de\/wp-content\/uploads\/2025\/12\/Screenshot_20251219_122857_Instagram-1536x1132.jpg 1536w, https:\/\/tischtennis-hagenbach.de\/wp-content\/uploads\/2025\/12\/Screenshot_20251219_122857_Instagram-2048x1509.jpg 2048w\" sizes=\"auto, (max-width: 1024px) 100vw, 1024px\" \/><\/figure>\n<\/figure>\n\n\n\n<p><\/p>\n\n\n\n<figure class=\"wp-block-image size-large\"><img loading=\"lazy\" decoding=\"async\" width=\"1024\" height=\"592\" src=\"https:\/\/tischtennis-hagenbach.de\/wp-content\/uploads\/2025\/12\/Screenshot_20251219_123016_Instagram-1024x592.jpg\" alt=\"\" class=\"wp-image-2131\" srcset=\"https:\/\/tischtennis-hagenbach.de\/wp-content\/uploads\/2025\/12\/Screenshot_20251219_123016_Instagram-1024x592.jpg 1024w, https:\/\/tischtennis-hagenbach.de\/wp-content\/uploads\/2025\/12\/Screenshot_20251219_123016_Instagram-300x173.jpg 300w, https:\/\/tischtennis-hagenbach.de\/wp-content\/uploads\/2025\/12\/Screenshot_20251219_123016_Instagram-768x444.jpg 768w, https:\/\/tischtennis-hagenbach.de\/wp-content\/uploads\/2025\/12\/Screenshot_20251219_123016_Instagram-1536x887.jpg 1536w, https:\/\/tischtennis-hagenbach.de\/wp-content\/uploads\/2025\/12\/Screenshot_20251219_123016_Instagram-2048x1183.jpg 2048w\" sizes=\"auto, (max-width: 1024px) 100vw, 1024px\" \/><\/figure>\n\n\n\n<figure class=\"wp-block-image size-large is-resized\"><img loading=\"lazy\" decoding=\"async\" width=\"741\" height=\"1024\" src=\"https:\/\/tischtennis-hagenbach.de\/wp-content\/uploads\/2025\/12\/Screenshot_20251219_123148_WhatsApp-741x1024.jpg\" alt=\"\" class=\"wp-image-2132\" style=\"aspect-ratio:0.7236426606906387;width:564px;height:auto\" srcset=\"https:\/\/tischtennis-hagenbach.de\/wp-content\/uploads\/2025\/12\/Screenshot_20251219_123148_WhatsApp-741x1024.jpg 741w, https:\/\/tischtennis-hagenbach.de\/wp-content\/uploads\/2025\/12\/Screenshot_20251219_123148_WhatsApp-217x300.jpg 217w, https:\/\/tischtennis-hagenbach.de\/wp-content\/uploads\/2025\/12\/Screenshot_20251219_123148_WhatsApp-768x1061.jpg 768w, https:\/\/tischtennis-hagenbach.de\/wp-content\/uploads\/2025\/12\/Screenshot_20251219_123148_WhatsApp.jpg 1080w\" sizes=\"auto, (max-width: 741px) 100vw, 741px\" \/><\/figure>\n","protected":false},"excerpt":{"rendered":"<p>Vielen Dank an unsere Sponsoren f\u00fcr die gro\u00dfartige Unterst\u00fctzung zur Stadtmeisterschaft 2026<\/p>\n","protected":false},"author":1,"featured_media":0,"parent":0,"menu_order":0,"comment_status":"closed","ping_status":"closed","template":"","meta":{"footnotes":""},"class_list":["post-2128","page","type-page","status-publish","hentry","entry"],"aioseo_notices":[],"_links":{"self":[{"href":"https:\/\/tischtennis-hagenbach.de\/index.php?rest_route=\/wp\/v2\/pages\/2128","targetHints":{"allow":["GET"]}}],"collection":[{"href":"https:\/\/tischtennis-hagenbach.de\/index.php?rest_route=\/wp\/v2\/pages"}],"about":[{"href":"https:\/\/tischtennis-hagenbach.de\/index.php?rest_route=\/wp\/v2\/types\/page"}],"author":[{"embeddable":true,"href":"https:\/\/tischtennis-hagenbach.de\/index.php?rest_route=\/wp\/v2\/users\/1"}],"replies":[{"embeddable":true,"href":"https:\/\/tischtennis-hagenbach.de\/index.php?rest_route=%2Fwp%2Fv2%2Fcomments&post=2128"}],"version-history":[{"count":3,"href":"https:\/\/tischtennis-hagenbach.de\/index.php?rest_route=\/wp\/v2\/pages\/2128\/revisions"}],"predecessor-version":[{"id":2139,"href":"https:\/\/tischtennis-hagenbach.de\/index.php?rest_route=\/wp\/v2\/pages\/2128\/revisions\/2139"}],"wp:attachment":[{"href":"https:\/\/tischtennis-hagenbach.de\/index.php?rest_route=%2Fwp%2Fv2%2Fmedia&parent=2128"}],"curies":[{"name":"wp","href":"https:\/\/api.w.org\/{rel}","templated":true}]}}