{"id":2278,"date":"2026-02-02T12:45:51","date_gmt":"2026-02-02T12:45:51","guid":{"rendered":"https:\/\/tischtennis-hagenbach.de\/?page_id=2278"},"modified":"2026-02-02T12:45:51","modified_gmt":"2026-02-02T12:45:51","slug":"stadtmeisterschaft-2026-die-gewinner","status":"publish","type":"page","link":"https:\/\/tischtennis-hagenbach.de\/?page_id=2278","title":{"rendered":"Stadtmeisterschaft 2026: Die Gewinner"},"content":{"rendered":"\n<p class=\"has-text-align-left\">Nach Abschluss der Gruppenphase folgte die K.-o.-Runde. Hier stieg die Spannung sp\u00fcrbar. Jeder Punkt konnte nun \u00fcber Weiterkommen oder Ausscheiden entscheiden. Die Partien wurden intensiver, die Zuschauer r\u00fcckten n\u00e4her an die Tische heran, und man merkte den Spielerinnen und Spielern an, wie sehr sie um jeden Ball k\u00e4mpften. Gleichzeitig bot die Trostrunde allen anderen Teams die M\u00f6glichkeit, weiterhin aktiv am Turniergeschehen teilzunehmen. Auch dort wurden ehrgeizige und faire Spiele ausgetragen, sodass bis zum sp\u00e4ten Nachmittag an nahezu allen Tischen Bewegung herrschte. Insgesamt kamen so \u00fcber 80 Begegnungen zusammen \u2013 ein eindrucksvoller Beleg f\u00fcr den Umfang und die Attraktivit\u00e4t der Veranstaltung.<\/p>\n\n\n\n<p class=\"has-text-align-left\">Im Halbfinale der Hauptrunde standen sich schlie\u00dflich starke Teams gegen\u00fcber. <strong>\u201eZimmerFrei\u201c<\/strong> mit Tobias Zimmermann und Matthias Freier traf auf <strong>\u201eWeber Rot-Wei\u00df\u201c<\/strong> mit Melek und Ralf Weber, w\u00e4hrend <strong>\u201eBrotwurst-Bube\u201c<\/strong> mit Jean Piere Schmaltz und Achim Hoffmann gegen die <strong>\u201eKantenkratzer\u201c<\/strong> mit Jonas und Henrik Schoof antrat. Beide Begegnungen boten hochklassigen Sport. Letztlich setzten sich <strong>\u201eZimmerFrei\u201c<\/strong> sowie \u201eBrotwurst-Bube\u201c durch und zogen ins Finale ein. Das Spiel um Platz drei entschieden die \u201eKantenkratzer\u201c f\u00fcr sich.<\/p>\n\n\n\n<p class=\"has-text-align-left\">Das Finale entwickelte sich anschlie\u00dfend zum sportlichen H\u00f6hepunkt des Tages. Jeder Ballwechsel wurde lautstark begleitet, und die Spannung war f\u00f6rmlich greifbar. Nachdem sich beide Teams jeweils ein Einzel sichern konnten, musste das Doppel die Entscheidung bringen. In einem dramatischen dritten Satz behielt \u201eZimmerFrei\u201c die Nerven und setzte sich knapp durch. Gegen 16.30 Uhr stand damit der neue und zugleich alte Stadtmeister fest: Tobias Zimmermann und Matthias Freier verteidigten erfolgreich ihren Titel.<\/p>\n\n\n\n<p class=\"has-text-align-left\">Auch in der Trostrunde wurde bis zuletzt gek\u00e4mpft. Dort setzten sich die <strong>\u201eFriday Smash Bros<\/strong>\u201c (Pascal und Dominik Freitag) durch und sicherten sich den ersten Platz vor den <strong>\u201eOld Schmetterhands\u201c (<\/strong>Thorsten Syring und Uwe Hellmann). Dritter wurde <strong>\u201eTipTop\u201c<\/strong> (Alex Olaru und Johannes Sollinger). Die Freude \u00fcber die Platzierungen war gro\u00df, denn auch hier zeigte sich, dass Einsatz und Teamgeist belohnt werden.<\/p>\n\n\n\n<figure class=\"wp-block-gallery has-nested-images columns-default is-cropped wp-block-gallery-1 is-layout-flex wp-block-gallery-is-layout-flex\">\n<figure class=\"wp-block-image size-full\"><img loading=\"lazy\" decoding=\"async\" width=\"2560\" height=\"1707\" data-id=\"2286\" src=\"https:\/\/tischtennis-hagenbach.de\/wp-content\/uploads\/2026\/02\/DSC01750-scaled.jpg\" alt=\"\" class=\"wp-image-2286\" srcset=\"https:\/\/tischtennis-hagenbach.de\/wp-content\/uploads\/2026\/02\/DSC01750-scaled.jpg 2560w, https:\/\/tischtennis-hagenbach.de\/wp-content\/uploads\/2026\/02\/DSC01750-300x200.jpg 300w, https:\/\/tischtennis-hagenbach.de\/wp-content\/uploads\/2026\/02\/DSC01750-1024x683.jpg 1024w, https:\/\/tischtennis-hagenbach.de\/wp-content\/uploads\/2026\/02\/DSC01750-768x512.jpg 768w, https:\/\/tischtennis-hagenbach.de\/wp-content\/uploads\/2026\/02\/DSC01750-1536x1024.jpg 1536w, https:\/\/tischtennis-hagenbach.de\/wp-content\/uploads\/2026\/02\/DSC01750-2048x1365.jpg 2048w\" sizes=\"auto, (max-width: 2560px) 100vw, 2560px\" \/><\/figure>\n\n\n\n<figure class=\"wp-block-image size-large\"><img loading=\"lazy\" decoding=\"async\" width=\"1024\" height=\"683\" data-id=\"2285\" src=\"https:\/\/tischtennis-hagenbach.de\/wp-content\/uploads\/2026\/02\/DSC01752-1024x683.jpg\" alt=\"\" class=\"wp-image-2285\" srcset=\"https:\/\/tischtennis-hagenbach.de\/wp-content\/uploads\/2026\/02\/DSC01752-1024x683.jpg 1024w, https:\/\/tischtennis-hagenbach.de\/wp-content\/uploads\/2026\/02\/DSC01752-300x200.jpg 300w, https:\/\/tischtennis-hagenbach.de\/wp-content\/uploads\/2026\/02\/DSC01752-768x512.jpg 768w, https:\/\/tischtennis-hagenbach.de\/wp-content\/uploads\/2026\/02\/DSC01752-1536x1024.jpg 1536w, https:\/\/tischtennis-hagenbach.de\/wp-content\/uploads\/2026\/02\/DSC01752-2048x1365.jpg 2048w\" sizes=\"auto, (max-width: 1024px) 100vw, 1024px\" \/><\/figure>\n\n\n\n<figure class=\"wp-block-image size-large\"><img loading=\"lazy\" decoding=\"async\" width=\"1024\" height=\"683\" data-id=\"2283\" src=\"https:\/\/tischtennis-hagenbach.de\/wp-content\/uploads\/2026\/02\/DSC01761-1024x683.jpg\" alt=\"\" class=\"wp-image-2283\" srcset=\"https:\/\/tischtennis-hagenbach.de\/wp-content\/uploads\/2026\/02\/DSC01761-1024x683.jpg 1024w, https:\/\/tischtennis-hagenbach.de\/wp-content\/uploads\/2026\/02\/DSC01761-300x200.jpg 300w, https:\/\/tischtennis-hagenbach.de\/wp-content\/uploads\/2026\/02\/DSC01761-768x512.jpg 768w, https:\/\/tischtennis-hagenbach.de\/wp-content\/uploads\/2026\/02\/DSC01761-1536x1024.jpg 1536w, https:\/\/tischtennis-hagenbach.de\/wp-content\/uploads\/2026\/02\/DSC01761-2048x1365.jpg 2048w\" sizes=\"auto, (max-width: 1024px) 100vw, 1024px\" \/><\/figure>\n\n\n\n<figure class=\"wp-block-image size-large\"><img loading=\"lazy\" decoding=\"async\" width=\"1024\" height=\"683\" data-id=\"2279\" src=\"https:\/\/tischtennis-hagenbach.de\/wp-content\/uploads\/2026\/02\/DSC01778-1024x683.jpg\" alt=\"\" class=\"wp-image-2279\" srcset=\"https:\/\/tischtennis-hagenbach.de\/wp-content\/uploads\/2026\/02\/DSC01778-1024x683.jpg 1024w, https:\/\/tischtennis-hagenbach.de\/wp-content\/uploads\/2026\/02\/DSC01778-300x200.jpg 300w, https:\/\/tischtennis-hagenbach.de\/wp-content\/uploads\/2026\/02\/DSC01778-768x512.jpg 768w, https:\/\/tischtennis-hagenbach.de\/wp-content\/uploads\/2026\/02\/DSC01778-1536x1024.jpg 1536w, https:\/\/tischtennis-hagenbach.de\/wp-content\/uploads\/2026\/02\/DSC01778-2048x1365.jpg 2048w\" sizes=\"auto, (max-width: 1024px) 100vw, 1024px\" \/><\/figure>\n<\/figure>\n\n\n\n<figure class=\"wp-block-image size-large\"><img loading=\"lazy\" decoding=\"async\" width=\"683\" height=\"1024\" src=\"https:\/\/tischtennis-hagenbach.de\/wp-content\/uploads\/2026\/02\/DSC01777-683x1024.jpg\" alt=\"\" class=\"wp-image-2280\" srcset=\"https:\/\/tischtennis-hagenbach.de\/wp-content\/uploads\/2026\/02\/DSC01777-683x1024.jpg 683w, https:\/\/tischtennis-hagenbach.de\/wp-content\/uploads\/2026\/02\/DSC01777-200x300.jpg 200w, https:\/\/tischtennis-hagenbach.de\/wp-content\/uploads\/2026\/02\/DSC01777-768x1152.jpg 768w, https:\/\/tischtennis-hagenbach.de\/wp-content\/uploads\/2026\/02\/DSC01777-1024x1536.jpg 1024w, https:\/\/tischtennis-hagenbach.de\/wp-content\/uploads\/2026\/02\/DSC01777-1365x2048.jpg 1365w, https:\/\/tischtennis-hagenbach.de\/wp-content\/uploads\/2026\/02\/DSC01777-scaled.jpg 1707w\" sizes=\"auto, (max-width: 683px) 100vw, 683px\" \/><\/figure>\n\n\n\n<p class=\"has-text-align-center has-white-color has-vivid-green-cyan-background-color has-text-color has-background has-link-color has-medium-font-size wp-elements-5371f4eec12bae638494910f3992cd8f\"><strong>  Wir gratulieren &#8222;ZimmerFrei&#8220; Tobias Zimmermann und Matthias Freier zum Gewinn der Stadtmeisterschaft 202<\/strong>6<\/p>\n\n\n\n<p><strong>Platzierungen Hauptrunde:<\/strong><\/p>\n\n\n\n<ol class=\"wp-block-list\">\n<li><strong>Tobias Zimmermann\u00a0\/\u00a0Matthias Freier \u00a0\u201cZimmerFrei\u201d<\/strong><\/li>\n\n\n\n<li><strong>Jean Pierre Schmaltz \/ Achim Hoffmann &#8222;Brotwurschtbube&#8220;<\/strong><\/li>\n\n\n\n<li><strong>Jonas Schoof \/ Henrik Schoof &#8222;Kantenkratzer&#8220;<\/strong><\/li>\n<\/ol>\n\n\n\n<p><strong>Platzierungen Trostrunde: <\/strong><\/p>\n\n\n\n<ol class=\"wp-block-list\">\n<li><strong>Pascal Freitag \/ Dominik Freitag \u201eFriday Smash Bros\u201c <\/strong><\/li>\n\n\n\n<li><strong>Thorsten Syring und Uwe Hellmann<\/strong> <strong>\u201eOld Schmetterhands\u201c <\/strong><\/li>\n\n\n\n<li><strong>Alex Olaru und Johannes Sollinger &#8222;TipTop&#8220;<\/strong><\/li>\n<\/ol>\n\n\n\n<p>Ein herzliches Dankesch\u00f6n gilt allen Teams, den zahlreichen Besuchern, unseren Sponsoren und den vielen Helfern, die zum Gelingen dieser gro\u00dfartigen Veranstaltung beigetragen haben.&nbsp;&nbsp;<\/p>\n\n\n\n<p>Getreu dem Motto \u201e\u00dcbung macht den Meister\u201c, laden wir euch zum regelm\u00e4\u00dfigen \u00dcben ins Training ein.&nbsp;<\/p>\n\n\n\n<p>Wir freuen uns auf die n\u00e4chste Stadtmeisterschaft und darauf, alle im n\u00e4chsten Jahr wiederzusehen, wenn es&nbsp;hei\u00dft: Aufschlag&nbsp;zur Stadtmeisterschaft!&nbsp;<\/p>\n","protected":false},"excerpt":{"rendered":"<p>Nach Abschluss der Gruppenphase folgte die K.-o.-Runde. Hier stieg die Spannung sp\u00fcrbar. Jeder Punkt konnte nun \u00fcber Weiterkommen oder Ausscheiden entscheiden. Die Partien wurden intensiver, die Zuschauer r\u00fcckten n\u00e4her an die Tische heran, und man merkte den Spielerinnen und Spielern an, wie sehr sie um jeden Ball k\u00e4mpften. Gleichzeitig bot die Trostrunde allen anderen Teams [&hellip;]<\/p>\n","protected":false},"author":1,"featured_media":0,"parent":0,"menu_order":0,"comment_status":"closed","ping_status":"closed","template":"","meta":{"footnotes":""},"class_list":["post-2278","page","type-page","status-publish","hentry","entry"],"aioseo_notices":[],"_links":{"self":[{"href":"https:\/\/tischtennis-hagenbach.de\/index.php?rest_route=\/wp\/v2\/pages\/2278","targetHints":{"allow":["GET"]}}],"collection":[{"href":"https:\/\/tischtennis-hagenbach.de\/index.php?rest_route=\/wp\/v2\/pages"}],"about":[{"href":"https:\/\/tischtennis-hagenbach.de\/index.php?rest_route=\/wp\/v2\/types\/page"}],"author":[{"embeddable":true,"href":"https:\/\/tischtennis-hagenbach.de\/index.php?rest_route=\/wp\/v2\/users\/1"}],"replies":[{"embeddable":true,"href":"https:\/\/tischtennis-hagenbach.de\/index.php?rest_route=%2Fwp%2Fv2%2Fcomments&post=2278"}],"version-history":[{"count":4,"href":"https:\/\/tischtennis-hagenbach.de\/index.php?rest_route=\/wp\/v2\/pages\/2278\/revisions"}],"predecessor-version":[{"id":2361,"href":"https:\/\/tischtennis-hagenbach.de\/index.php?rest_route=\/wp\/v2\/pages\/2278\/revisions\/2361"}],"wp:attachment":[{"href":"https:\/\/tischtennis-hagenbach.de\/index.php?rest_route=%2Fwp%2Fv2%2Fmedia&parent=2278"}],"curies":[{"name":"wp","href":"https:\/\/api.w.org\/{rel}","templated":true}]}}