{"id":33,"date":"2022-11-07T19:07:13","date_gmt":"2022-11-07T19:07:13","guid":{"rendered":"http:\/\/tischtennis-hagenbach.de\/?page_id=33"},"modified":"2025-12-19T14:39:35","modified_gmt":"2025-12-19T14:39:35","slug":"mitglied-werden","status":"publish","type":"page","link":"https:\/\/tischtennis-hagenbach.de\/?page_id=33","title":{"rendered":"Mitglied werden"},"content":{"rendered":"\n<p>Werde Teil unserer Tischtennis-Familie! Die Mitgliedschaft bietet zahlreiche Vorteile, darunter Zugang zu Trainingseinheiten, Vereinsveranstaltungen und die M\u00f6glichkeit, an Wettk\u00e4mpfen teilzunehmen. Wir freuen uns \u00fcber jedes neue Mitglied und hei\u00dfen Dich herzlich willkommen!<\/p>\n\n\n\n<p>Wenn du in den Verein eintreten m\u00f6chtest, kannst du dich per Aufnahmeantrag anmelden. Der Antrag ist im Training erh\u00e4ltlich, oder du kannst das Online Formular hier herunterladen:<\/p>\n\n\n\n<p><a href=\"https:\/\/tischtennis-hagenbach.de\/wp-content\/uploads\/2025\/12\/Haupt_Anmelung-01082025_250901_095229.pdf\" title=\"\">Anmeldeformular des TV Hagenbach [903 KB]<\/a><\/p>\n\n\n\n<p>Mit dem Beitrag ist eine Sportunfallversicherung verbunden. Eine Mitgliedschaft wird zum vollen Jahr beendet, wenn eine schriftliche Austrittserkl\u00e4rung vorliegt. Bitte beachten: Abmeldungen werden nur schriftlich akzeptiert. Abmeldungen per Email oder Telefon k\u00f6nnen nicht angenommen werden.<\/p>\n\n\n\n<p>Einen \u00dcberblick der Mitgliedsbeitr\u00e4ge findest du hier:<\/p>\n\n\n\n<figure class=\"wp-block-table is-style-stripes\"><table><tbody><tr><td><strong>Einzelbeitr\u00e4ge<\/strong><\/td><td class=\"has-text-align-center\" data-align=\"center\"><strong>Jahres<\/strong><strong>beitrag<\/strong><\/td><td class=\"has-text-align-center\" data-align=\"center\"><strong>Monats<\/strong><strong>beitrag<\/strong><\/td><\/tr><tr><td>Kinder und Jugendliche<br>bis 18 Jahre<\/td><td class=\"has-text-align-center\" data-align=\"center\">48,00 \u20ac<\/td><td class=\"has-text-align-center\" data-align=\"center\">4,00 \u20ac<\/td><\/tr><tr><td>Rentner<\/td><td class=\"has-text-align-center\" data-align=\"center\">48,00 \u20ac<\/td><td class=\"has-text-align-center\" data-align=\"center\">4,00 \u20ac<\/td><\/tr><tr><td>Erwachsene<\/td><td class=\"has-text-align-center\" data-align=\"center\">72,00 \u20ac<\/td><td class=\"has-text-align-center\" data-align=\"center\">6,00 \u20ac<\/td><\/tr><\/tbody><\/table><\/figure>\n\n\n\n<figure class=\"wp-block-table is-style-stripes\"><table><tbody><tr><td><strong>Sonderbeitr\u00e4ge<\/strong><\/td><td class=\"has-text-align-center\" data-align=\"center\"><strong>Jahres<\/strong><strong>beitrag<\/strong><\/td><td class=\"has-text-align-center\" data-align=\"center\"><strong>Monats<\/strong><strong>beitrag<\/strong><\/td><\/tr><tr><td>Geschwister<\/td><td class=\"has-text-align-center\" data-align=\"center\">78,00 \u20ac<\/td><td class=\"has-text-align-center\" data-align=\"center\">6,50 \u20ac<\/td><\/tr><tr><td>Erwachsener Kinder<\/td><td class=\"has-text-align-center\" data-align=\"center\">84,00 \u20ac<\/td><td class=\"has-text-align-center\" data-align=\"center\">7,00 \u20ac<\/td><\/tr><tr><td>Familie<\/td><td class=\"has-text-align-center\" data-align=\"center\">96,00 \u20ac<\/td><td class=\"has-text-align-center\" data-align=\"center\">8,00 \u20ac<\/td><\/tr><tr><td>Eltern &#8211; Kind (ein Kind)<\/td><td class=\"has-text-align-center\" data-align=\"center\">70,00 \u20ac<\/td><td class=\"has-text-align-center\" data-align=\"center\">5,83 \u20ac<\/td><\/tr><tr><td>Eltern &#8211; Kind (zwei Kinder)<\/td><td class=\"has-text-align-center\" data-align=\"center\">96,00 \u20ac<\/td><td class=\"has-text-align-center\" data-align=\"center\">8,00 \u20ac<\/td><\/tr><\/tbody><\/table><\/figure>\n\n\n<div class=\"wp-block-image\">\n<figure class=\"aligncenter size-large is-resized\"><img loading=\"lazy\" decoding=\"async\" width=\"1024\" height=\"1024\" src=\"https:\/\/tischtennis-hagenbach.de\/wp-content\/uploads\/2022\/11\/TVH-Tischtennis-Logo-1438x1438-96dpi-1024x1024.png\" alt=\"\" class=\"wp-image-341\" style=\"width:256px;height:256px\" srcset=\"https:\/\/tischtennis-hagenbach.de\/wp-content\/uploads\/2022\/11\/TVH-Tischtennis-Logo-1438x1438-96dpi-1024x1024.png 1024w, https:\/\/tischtennis-hagenbach.de\/wp-content\/uploads\/2022\/11\/TVH-Tischtennis-Logo-1438x1438-96dpi-300x300.png 300w, https:\/\/tischtennis-hagenbach.de\/wp-content\/uploads\/2022\/11\/TVH-Tischtennis-Logo-1438x1438-96dpi-150x150.png 150w, https:\/\/tischtennis-hagenbach.de\/wp-content\/uploads\/2022\/11\/TVH-Tischtennis-Logo-1438x1438-96dpi-768x768.png 768w, https:\/\/tischtennis-hagenbach.de\/wp-content\/uploads\/2022\/11\/TVH-Tischtennis-Logo-1438x1438-96dpi-1200x1200.png 1200w, https:\/\/tischtennis-hagenbach.de\/wp-content\/uploads\/2022\/11\/TVH-Tischtennis-Logo-1438x1438-96dpi.png 1438w\" sizes=\"auto, (max-width: 1024px) 100vw, 1024px\" \/><\/figure>\n<\/div>\n\n\n<p><\/p>\n","protected":false},"excerpt":{"rendered":"<p>Werde Teil unserer Tischtennis-Familie! Die Mitgliedschaft bietet zahlreiche Vorteile, darunter Zugang zu Trainingseinheiten, Vereinsveranstaltungen und die M\u00f6glichkeit, an Wettk\u00e4mpfen teilzunehmen. Wir freuen uns \u00fcber jedes neue Mitglied und hei\u00dfen Dich herzlich willkommen! Wenn du in den Verein eintreten m\u00f6chtest, kannst du dich per Aufnahmeantrag anmelden. Der Antrag ist im Training erh\u00e4ltlich, oder du kannst das [&hellip;]<\/p>\n","protected":false},"author":1,"featured_media":0,"parent":0,"menu_order":0,"comment_status":"closed","ping_status":"closed","template":"","meta":{"footnotes":""},"class_list":["post-33","page","type-page","status-publish","hentry","entry"],"aioseo_notices":[],"_links":{"self":[{"href":"https:\/\/tischtennis-hagenbach.de\/index.php?rest_route=\/wp\/v2\/pages\/33","targetHints":{"allow":["GET"]}}],"collection":[{"href":"https:\/\/tischtennis-hagenbach.de\/index.php?rest_route=\/wp\/v2\/pages"}],"about":[{"href":"https:\/\/tischtennis-hagenbach.de\/index.php?rest_route=\/wp\/v2\/types\/page"}],"author":[{"embeddable":true,"href":"https:\/\/tischtennis-hagenbach.de\/index.php?rest_route=\/wp\/v2\/users\/1"}],"replies":[{"embeddable":true,"href":"https:\/\/tischtennis-hagenbach.de\/index.php?rest_route=%2Fwp%2Fv2%2Fcomments&post=33"}],"version-history":[{"count":29,"href":"https:\/\/tischtennis-hagenbach.de\/index.php?rest_route=\/wp\/v2\/pages\/33\/revisions"}],"predecessor-version":[{"id":2148,"href":"https:\/\/tischtennis-hagenbach.de\/index.php?rest_route=\/wp\/v2\/pages\/33\/revisions\/2148"}],"wp:attachment":[{"href":"https:\/\/tischtennis-hagenbach.de\/index.php?rest_route=%2Fwp%2Fv2%2Fmedia&parent=33"}],"curies":[{"name":"wp","href":"https:\/\/api.w.org\/{rel}","templated":true}]}}